

{"id":2287,"date":"2012-06-01T15:01:12","date_gmt":"2012-06-01T14:01:12","guid":{"rendered":"https:\/\/ujn.gov.me\/?page_id=2287"},"modified":"2017-12-28T11:33:39","modified_gmt":"2017-12-28T09:33:39","slug":"strucna-misljenja-nadleznih-institucija","status":"publish","type":"page","link":"https:\/\/ujn.gov.me\/en\/strucna-misljenja-nadleznih-institucija\/","title":{"rendered":"(Crnogorski) Stru\u010dna mi\u0161ljenja nadle\u017enih institucija"},"content":{"rendered":"<p class=\"qtranxs-available-languages-message qtranxs-available-languages-message-en\">Sorry, this entry is only available in <a href=\"https:\/\/ujn.gov.me\/me\/wp-json\/wp\/v2\/pages\/2287\" class=\"qtranxs-available-language-link qtranxs-available-language-link-me\" title=\"Crnogorski\">Crnogorski<\/a>.<\/p>","protected":false},"excerpt":{"rendered":"<p>Sorry, this entry is only available in Crnogorski.<\/p>\n","protected":false},"author":8,"featured_media":0,"parent":0,"menu_order":0,"comment_status":"closed","ping_status":"closed","template":"","meta":{"footnotes":""},"_links":{"self":[{"href":"https:\/\/ujn.gov.me\/en\/wp-json\/wp\/v2\/pages\/2287"}],"collection":[{"href":"https:\/\/ujn.gov.me\/en\/wp-json\/wp\/v2\/pages"}],"about":[{"href":"https:\/\/ujn.gov.me\/en\/wp-json\/wp\/v2\/types\/page"}],"author":[{"embeddable":true,"href":"https:\/\/ujn.gov.me\/en\/wp-json\/wp\/v2\/users\/8"}],"replies":[{"embeddable":true,"href":"https:\/\/ujn.gov.me\/en\/wp-json\/wp\/v2\/comments?post=2287"}],"version-history":[{"count":0,"href":"https:\/\/ujn.gov.me\/en\/wp-json\/wp\/v2\/pages\/2287\/revisions"}],"wp:attachment":[{"href":"https:\/\/ujn.gov.me\/en\/wp-json\/wp\/v2\/media?parent=2287"}],"curies":[{"name":"wp","href":"https:\/\/api.w.org\/{rel}","templated":true}]}}