

{"id":4517,"date":"2013-12-26T12:52:23","date_gmt":"2013-12-26T11:52:23","guid":{"rendered":"https:\/\/ujn.gov.me\/?page_id=4517"},"modified":"2020-09-18T11:42:16","modified_gmt":"2020-09-18T09:42:16","slug":"sluzbenici-za-javne-nabavke-koji-su-polozili-strucni-ispit","status":"publish","type":"page","link":"https:\/\/ujn.gov.me\/en\/sluzbenici-za-javne-nabavke-koji-su-polozili-strucni-ispit\/","title":{"rendered":"(Crnogorski) Slu\u017ebenici za javne nabavke koji su polo\u017eili stru\u010dni ispit"},"content":{"rendered":"<p class=\"qtranxs-available-languages-message qtranxs-available-languages-message-en\">Sorry, this entry is only available in <a href=\"https:\/\/ujn.gov.me\/me\/wp-json\/wp\/v2\/pages\/4517\" class=\"qtranxs-available-language-link qtranxs-available-language-link-me\" title=\"Crnogorski\">Crnogorski<\/a>.<\/p>","protected":false},"excerpt":{"rendered":"<p>Sorry, this entry is only available in Crnogorski.<\/p>\n","protected":false},"author":8,"featured_media":0,"parent":0,"menu_order":0,"comment_status":"closed","ping_status":"closed","template":"","meta":{"footnotes":""},"_links":{"self":[{"href":"https:\/\/ujn.gov.me\/en\/wp-json\/wp\/v2\/pages\/4517"}],"collection":[{"href":"https:\/\/ujn.gov.me\/en\/wp-json\/wp\/v2\/pages"}],"about":[{"href":"https:\/\/ujn.gov.me\/en\/wp-json\/wp\/v2\/types\/page"}],"author":[{"embeddable":true,"href":"https:\/\/ujn.gov.me\/en\/wp-json\/wp\/v2\/users\/8"}],"replies":[{"embeddable":true,"href":"https:\/\/ujn.gov.me\/en\/wp-json\/wp\/v2\/comments?post=4517"}],"version-history":[{"count":0,"href":"https:\/\/ujn.gov.me\/en\/wp-json\/wp\/v2\/pages\/4517\/revisions"}],"wp:attachment":[{"href":"https:\/\/ujn.gov.me\/en\/wp-json\/wp\/v2\/media?parent=4517"}],"curies":[{"name":"wp","href":"https:\/\/api.w.org\/{rel}","templated":true}]}}